{"id":5398,"date":"2022-12-13T17:51:12","date_gmt":"2022-12-13T17:51:12","guid":{"rendered":"https:\/\/barnsjukhusetmartina.se\/barnsjukhuset-martinas-specialists-in-the-media\/"},"modified":"2025-11-26T10:44:55","modified_gmt":"2025-11-26T10:44:55","slug":"barnsjukhuset-martinas-specialists-in-the-media","status":"publish","type":"page","link":"https:\/\/barnsjukhusetmartina.se\/en\/barnsjukhuset-martinas-specialists-in-the-media\/","title":{"rendered":"Barnsjukhuset Martina&#8217;s specialists in the media"},"content":{"rendered":"<div class=\"fusion-fullwidth fullwidth-box fusion-builder-row-1 fusion-flex-container has-pattern-background has-mask-background nonhundred-percent-fullwidth non-hundred-percent-height-scrolling\" style=\"--awb-border-radius-top-left:0px;--awb-border-radius-top-right:0px;--awb-border-radius-bottom-right:0px;--awb-border-radius-bottom-left:0px;--awb-flex-wrap:wrap;\" ><div class=\"fusion-builder-row fusion-row fusion-flex-align-items-flex-start fusion-flex-content-wrap\" style=\"max-width:1248px;margin-left: calc(-4% \/ 2 );margin-right: calc(-4% \/ 2 );\"><div class=\"fusion-layout-column fusion_builder_column fusion-builder-column-0 fusion_builder_column_1_1 1_1 fusion-flex-column\" style=\"--awb-bg-size:cover;--awb-width-large:100%;--awb-margin-top-large:0px;--awb-spacing-right-large:1.92%;--awb-margin-bottom-large:20px;--awb-spacing-left-large:1.92%;--awb-width-medium:100%;--awb-order-medium:0;--awb-spacing-right-medium:1.92%;--awb-spacing-left-medium:1.92%;--awb-width-small:100%;--awb-order-small:0;--awb-spacing-right-small:1.92%;--awb-spacing-left-small:1.92%;\"><div class=\"fusion-column-wrapper fusion-column-has-shadow fusion-flex-justify-content-flex-start fusion-content-layout-column\"><div class=\"fusion-title title fusion-title-1 fusion-sep-none fusion-title-center fusion-title-text fusion-title-size-one\" style=\"--awb-margin-top-small:10px;--awb-margin-right-small:0px;--awb-margin-bottom-small:10px;--awb-margin-left-small:0px;--awb-font-size:32px;\"><h1 class=\"fusion-title-heading title-heading-center fusion-responsive-typography-calculated\" style=\"margin:0;font-size:1em;--fontSize:32;line-height:var(--awb-typography1-line-height);\">Read interviews with tips and advice from our pediatric specialists<\/h1><\/div><div class=\"fusion-text fusion-text-1\" style=\"--awb-content-alignment:center;\"><p>The articles are published in Expressen&#8217;s Family Life supplement<\/p>\n<\/div><\/div><\/div><div class=\"fusion-layout-column fusion_builder_column fusion-builder-column-1 fusion_builder_column_1_3 1_3 fusion-flex-column\" style=\"--awb-bg-size:cover;--awb-width-large:33.333333333333%;--awb-margin-top-large:0px;--awb-spacing-right-large:5.76%;--awb-margin-bottom-large:20px;--awb-spacing-left-large:5.76%;--awb-width-medium:33.333333333333%;--awb-order-medium:0;--awb-spacing-right-medium:5.76%;--awb-spacing-left-medium:5.76%;--awb-width-small:100%;--awb-order-small:0;--awb-spacing-right-small:1.92%;--awb-spacing-left-small:1.92%;\"><div class=\"fusion-column-wrapper fusion-column-has-shadow fusion-flex-justify-content-flex-start fusion-content-layout-column\"><div class=\"fusion-text fusion-text-2\" style=\"--awb-content-alignment:center;\"><div class=\"_df_thumb \" id=\"df_2844\"  _slug=\"expressens-bilaga-familjeliv-feb-2021\" data-title=\"barnsjukvard-foraldrastod-pa-ett-bvc-for-alla-familjeliv-feb-2021\" wpoptions=\"true\" thumb=\"https:\/\/barnsjukhusetmartina.se\/wp-content\/uploads\/2022\/12\/7.-BS-Martina.-BVC-Martina-feb-2021-scaled-e1670954081698.jpg\" thumbtype=\"\" >Barnsjukv\u00e5rd &#038; f\u00f6r\u00e4ldrast\u00f6d p\u00e5 ett BVC f\u00f6r alla (Familjeliv, feb 2021)<\/div><script class=\"df-shortcode-script\" nowprocket type=\"application\/javascript\">window.option_df_2844 = {\"outline\":[],\"autoEnableOutline\":\"true\",\"autoEnableThumbnail\":\"false\",\"overwritePDFOutline\":\"false\",\"direction\":\"1\",\"pageSize\":\"0\",\"source\":\"https:\\\/\\\/barnsjukhusetmartina.se\\\/wp-content\\\/uploads\\\/2022\\\/12\\\/7.-BS-Martina.-BVC-Martina-feb-2021.pdf\",\"wpOptions\":\"true\"}; if(window.DFLIP && window.DFLIP.parseBooks){window.DFLIP.parseBooks();}<\/script>\n<p><strong>Pediatric care &amp; parental support<\/strong><br \/><strong>at a child health center for everyone<\/strong><\/p>\n<\/div><\/div><\/div><div class=\"fusion-layout-column fusion_builder_column fusion-builder-column-2 fusion_builder_column_1_3 1_3 fusion-flex-column\" style=\"--awb-bg-size:cover;--awb-width-large:33.333333333333%;--awb-margin-top-large:0px;--awb-spacing-right-large:5.76%;--awb-margin-bottom-large:20px;--awb-spacing-left-large:5.76%;--awb-width-medium:33.333333333333%;--awb-order-medium:0;--awb-spacing-right-medium:5.76%;--awb-spacing-left-medium:5.76%;--awb-width-small:100%;--awb-order-small:0;--awb-spacing-right-small:1.92%;--awb-spacing-left-small:1.92%;\"><div class=\"fusion-column-wrapper fusion-column-has-shadow fusion-flex-justify-content-flex-start fusion-content-layout-column\"><div class=\"fusion-text fusion-text-3\" style=\"--awb-content-alignment:center;\"><div class=\"_df_thumb \" id=\"df_2872\"  _slug=\"en-inblick-fran-en-barnakut-i-infektionstider\" data-title=\"en-inblick-fran-en-barnakut-i-infektionstider\" wpoptions=\"true\" thumb=\"https:\/\/barnsjukhusetmartina.se\/wp-content\/uploads\/2022\/12\/10.-BS-Martina.-Infektionstider-RS-virus-2021-Okt.-pdf.jpg\" thumbtype=\"\" >En inblick fr\u00e5n en barnakut i infektionstider<\/div><script class=\"df-shortcode-script\" nowprocket type=\"application\/javascript\">window.option_df_2872 = {\"outline\":[],\"autoEnableOutline\":\"false\",\"autoEnableThumbnail\":\"false\",\"overwritePDFOutline\":\"false\",\"direction\":\"1\",\"pageSize\":\"0\",\"source\":\"https:\\\/\\\/barnsjukhusetmartina.se\\\/wp-content\\\/uploads\\\/2022\\\/12\\\/10.-BS-Martina.-Infektionstider-RS-virus-2021-Okt.-pdf.pdf\",\"wpOptions\":\"true\"}; if(window.DFLIP && window.DFLIP.parseBooks){window.DFLIP.parseBooks();}<\/script>\n<p><strong>An insight from a pediatric emergency department during infectious times<\/strong><\/p>\n<\/div><\/div><\/div><div class=\"fusion-layout-column fusion_builder_column fusion-builder-column-3 fusion_builder_column_1_3 1_3 fusion-flex-column\" style=\"--awb-bg-size:cover;--awb-width-large:33.333333333333%;--awb-margin-top-large:0px;--awb-spacing-right-large:5.76%;--awb-margin-bottom-large:20px;--awb-spacing-left-large:5.76%;--awb-width-medium:33.333333333333%;--awb-order-medium:0;--awb-spacing-right-medium:5.76%;--awb-spacing-left-medium:5.76%;--awb-width-small:100%;--awb-order-small:0;--awb-spacing-right-small:1.92%;--awb-spacing-left-small:1.92%;\"><div class=\"fusion-column-wrapper fusion-column-has-shadow fusion-flex-justify-content-flex-start fusion-content-layout-column\"><\/div><\/div><\/div><\/div>\n","protected":false},"excerpt":{"rendered":"","protected":false},"author":1,"featured_media":0,"parent":0,"menu_order":0,"comment_status":"closed","ping_status":"closed","template":"100-width.php","meta":{"_monsterinsights_skip_tracking":false,"_monsterinsights_sitenote_active":false,"_monsterinsights_sitenote_note":"","_monsterinsights_sitenote_category":0,"footnotes":""},"class_list":["post-5398","page","type-page","status-publish","hentry"],"aioseo_notices":[],"_links":{"self":[{"href":"https:\/\/barnsjukhusetmartina.se\/en\/wp-json\/wp\/v2\/pages\/5398","targetHints":{"allow":["GET"]}}],"collection":[{"href":"https:\/\/barnsjukhusetmartina.se\/en\/wp-json\/wp\/v2\/pages"}],"about":[{"href":"https:\/\/barnsjukhusetmartina.se\/en\/wp-json\/wp\/v2\/types\/page"}],"author":[{"embeddable":true,"href":"https:\/\/barnsjukhusetmartina.se\/en\/wp-json\/wp\/v2\/users\/1"}],"replies":[{"embeddable":true,"href":"https:\/\/barnsjukhusetmartina.se\/en\/wp-json\/wp\/v2\/comments?post=5398"}],"version-history":[{"count":0,"href":"https:\/\/barnsjukhusetmartina.se\/en\/wp-json\/wp\/v2\/pages\/5398\/revisions"}],"wp:attachment":[{"href":"https:\/\/barnsjukhusetmartina.se\/en\/wp-json\/wp\/v2\/media?parent=5398"}],"curies":[{"name":"wp","href":"https:\/\/api.w.org\/{rel}","templated":true}]}}