{"id":5582,"date":"2022-07-12T14:14:55","date_gmt":"2022-07-12T14:14:55","guid":{"rendered":"https:\/\/barnsjukhusetmartina.se\/privacy-policy\/"},"modified":"2025-11-26T10:48:34","modified_gmt":"2025-11-26T10:48:34","slug":"privacy-policy","status":"publish","type":"page","link":"https:\/\/barnsjukhusetmartina.se\/en\/privacy-policy\/","title":{"rendered":"Privacy Policy"},"content":{"rendered":"<div class=\"fusion-fullwidth fullwidth-box fusion-builder-row-1 fusion-flex-container nonhundred-percent-fullwidth non-hundred-percent-height-scrolling\" style=\"--awb-border-radius-top-left:0px;--awb-border-radius-top-right:0px;--awb-border-radius-bottom-right:0px;--awb-border-radius-bottom-left:0px;--awb-flex-wrap:wrap;\" ><div class=\"fusion-builder-row fusion-row fusion-flex-align-items-flex-start fusion-flex-content-wrap\" style=\"max-width:1248px;margin-left: calc(-4% \/ 2 );margin-right: calc(-4% \/ 2 );\"><div class=\"fusion-layout-column fusion_builder_column fusion-builder-column-0 fusion_builder_column_1_1 1_1 fusion-flex-column\" style=\"--awb-bg-size:cover;--awb-width-large:100%;--awb-margin-top-large:0px;--awb-spacing-right-large:1.92%;--awb-margin-bottom-large:0px;--awb-spacing-left-large:1.92%;--awb-width-medium:100%;--awb-spacing-right-medium:1.92%;--awb-spacing-left-medium:1.92%;--awb-width-small:100%;--awb-spacing-right-small:1.92%;--awb-spacing-left-small:1.92%;\"><div class=\"fusion-column-wrapper fusion-flex-justify-content-flex-start fusion-content-layout-column\"><div class=\"fusion-text fusion-text-1\"><p><p><strong>Den h\u00e4r sidan anv\u00e4nder cookies<\/strong><\/p>\n<p>Enligt lagen om elektronisk kommunikation ska alla som bes\u00f6ker en webbplats med cookies f\u00e5 information om att webbplatsen inneh\u00e5ller cookies, vad dessa an-v\u00e4nds till och hur cookies kan undvikas.<\/p>\n<p><strong>Vad \u00e4r en cookie?<\/strong><\/p>\n<p>En cookie \u00e4r en liten textfil som skickas fr\u00e5n v\u00e5r webbplats och som lagras p\u00e5 din dator, l\u00e4splatta eller smartphone.<\/p>\n<p>Den h\u00e4r webbplatsen varaktiga cookies, som \u00e4r en textfil som skickas h\u00e4rifr\u00e5n och lagras p\u00e5 din dator samt tillf\u00e4lliga cookies, s\u00e5 kallade sessions-cookies, som endast lagras tempor\u00e4rt och f\u00f6rsvinner n\u00e4r du st\u00e4nger ner din webbl\u00e4sare.<\/p>\n<p>Till\u00e5ts inte dessa kan vi inte s\u00e4kerst\u00e4lla att v\u00e5r webbplats eller v\u00e5ra webbaserade system fungerar korrekt f\u00f6r dig d\u00e5 de anv\u00e4nds f\u00f6r olika funktioner i v\u00e5ra system.<\/p>\n<p><strong>Vilka cookies anv\u00e4nder vi?<\/strong><\/p>\n<p><strong>Statistik<\/strong><\/p>\n<p>Kakor som anv\u00e4nds f\u00f6r att kunna r\u00e4kna antalet anv\u00e4ndare och analysera trafiken.<\/p>\n<p><strong>Cookies:<\/strong>\u00a0Google Analytics<\/p>\n<p><strong>Tipsfunktioner<\/strong><\/p>\n<p>Kakor som anv\u00e4nds f\u00f6r att kunna anv\u00e4nda sociala funktioner (t.ex. tipsfunktioner)<\/p>\n<p><strong>Cookies:<\/strong>\u00a0AddThis<\/p>\n<p><strong>Hur st\u00e4nger jag av cookies?<\/strong><\/p>\n<p>Din webbl\u00e4sare ger dig m\u00f6jlighet att blockera cookies. Klicka p\u00e5 den webbl\u00e4sare du anv\u00e4nder f\u00f6r mer information om hur du ska g\u00e5 tillv\u00e4ga:<\/p>\n<ul>\n<li><a href=\"https:\/\/support.microsoft.com\/sv-se\/help\/17442\/windows-internet-explorer-delete-manage-cookies#ie=ie-11-win-7\">Internet Explorer<\/a><\/li>\n<li><a href=\"https:\/\/support.google.com\/chrome\/?hl=sv&amp;answer=95647#topic=7438008\">Google Chrome<\/a><\/li>\n<li><a href=\"https:\/\/support.mozilla.com\/en-US\/kb\/enable-and-disable-cookies-website-preferences?redirectlocale=en-US&amp;redirectslug=Enabling+and+disabling+cookies\">Mozilla Firefox<\/a><\/li>\n<li><a href=\"https:\/\/help.opera.com\/en\/latest\/security-and-privacy\/\">Opera<\/a><\/li>\n<\/ul>\n<p>Du kan \u00e4ven anv\u00e4nda\u00a0<a href=\"https:\/\/tools.google.com\/dlpage\/gaoptout\">Google Analytics Opt-out<\/a>\u00a0som \u00e4r en plugin till webbl\u00e4saren. N\u00e4r man har Google Analytics Opt-out aktiverad i webbl\u00e4saren skickas ingen in-formation till Google Analytics. Detta \u00e4r en global opt-out f\u00f6r Google Analytics som g\u00e4ller alla webbplatser som anv\u00e4nder Google Analytics.<\/p>\n<p><strong>Javascript<\/strong><\/p>\n<p>P\u00e5 v\u00e5r webbplats och i flera av v\u00e5ra webbaserade system, exempelvis Studentpor-talen, anv\u00e4nds javascript. Dessa anv\u00e4nds till exempel f\u00f6r att placera mark\u00f6ren i r\u00e4tt f\u00e4lt i ett s\u00f6kformul\u00e4r, verifiera att vissa f\u00e4lt \u00e4r ifyllda eller f\u00f6r att \u00f6ppna dialogboxar. F\u00f6r att kunna anv\u00e4nda webbplatsen och v\u00e5ra webbaserade system p\u00e5 b\u00e4sta s\u00e4tt beh\u00f6ver du ha javascript aktiverat. Vi jobbar dock med att se till att du kommer \u00e5t alla funktioner utan javascript.<\/p>\n<\/p><\/p>\n<\/div><\/div><\/div><div class=\"fusion-layout-column fusion_builder_column fusion-builder-column-1 fusion_builder_column_1_1 1_1 fusion-flex-column\" style=\"--awb-bg-size:cover;--awb-width-large:100%;--awb-margin-top-large:0px;--awb-spacing-right-large:1.92%;--awb-margin-bottom-large:20px;--awb-spacing-left-large:1.92%;--awb-width-medium:100%;--awb-order-medium:0;--awb-spacing-right-medium:1.92%;--awb-spacing-left-medium:1.92%;--awb-width-small:100%;--awb-order-small:0;--awb-spacing-right-small:1.92%;--awb-spacing-left-small:1.92%;\"><div class=\"fusion-column-wrapper fusion-column-has-shadow fusion-flex-justify-content-flex-start fusion-content-layout-column\"><div class=\"fusion-separator fusion-full-width-sep\" style=\"align-self: center;margin-left: auto;margin-right: auto;margin-top:30px;margin-bottom:50px;width:100%;\"><div class=\"fusion-separator-border sep-double\" style=\"--awb-height:20px;--awb-amount:20px;border-color:var(--awb-color3);border-top-width:1px;border-bottom-width:1px;\"><\/div><\/div><\/div><\/div><\/div><\/div>\n","protected":false},"excerpt":{"rendered":"","protected":false},"author":1,"featured_media":0,"parent":0,"menu_order":0,"comment_status":"closed","ping_status":"open","template":"","meta":{"_monsterinsights_skip_tracking":false,"_monsterinsights_sitenote_active":false,"_monsterinsights_sitenote_note":"","_monsterinsights_sitenote_category":0,"footnotes":""},"class_list":["post-5582","page","type-page","status-publish","hentry"],"aioseo_notices":[],"_links":{"self":[{"href":"https:\/\/barnsjukhusetmartina.se\/en\/wp-json\/wp\/v2\/pages\/5582","targetHints":{"allow":["GET"]}}],"collection":[{"href":"https:\/\/barnsjukhusetmartina.se\/en\/wp-json\/wp\/v2\/pages"}],"about":[{"href":"https:\/\/barnsjukhusetmartina.se\/en\/wp-json\/wp\/v2\/types\/page"}],"author":[{"embeddable":true,"href":"https:\/\/barnsjukhusetmartina.se\/en\/wp-json\/wp\/v2\/users\/1"}],"replies":[{"embeddable":true,"href":"https:\/\/barnsjukhusetmartina.se\/en\/wp-json\/wp\/v2\/comments?post=5582"}],"version-history":[{"count":0,"href":"https:\/\/barnsjukhusetmartina.se\/en\/wp-json\/wp\/v2\/pages\/5582\/revisions"}],"wp:attachment":[{"href":"https:\/\/barnsjukhusetmartina.se\/en\/wp-json\/wp\/v2\/media?parent=5582"}],"curies":[{"name":"wp","href":"https:\/\/api.w.org\/{rel}","templated":true}]}}